{"id":6,"date":"2016-03-15T20:08:22","date_gmt":"2016-03-15T19:08:22","guid":{"rendered":"http:\/\/freiburger-schreibkiste.de\/?page_id=6"},"modified":"2024-12-12T10:23:26","modified_gmt":"2024-12-12T09:23:26","slug":"calendar","status":"publish","type":"page","link":"https:\/\/freiburger-schreibkiste.de\/","title":{"rendered":"Veranstaltungen"},"content":{"rendered":"<div id=\"pl-gb6-69e889a40023e\"  class=\"panel-layout\" ><div id=\"pg-gb6-69e889a40023e-0\"  class=\"panel-grid panel-no-style\" ><div id=\"pgc-gb6-69e889a40023e-0-0\"  class=\"panel-grid-cell\" ><div id=\"panel-gb6-69e889a40023e-0-0-0\" class=\"so-panel widget panel-first-child panel-last-child\" data-index=\"0\" ><\/div><\/div><\/div><\/div>\n\n<div id=\"pl-gb6-69e889a400d27\"  class=\"panel-layout\" ><div id=\"pg-gb6-69e889a400d27-0\"  class=\"panel-grid panel-no-style\" ><div id=\"pgc-gb6-69e889a400d27-0-0\"  class=\"panel-grid-cell\" ><div id=\"panel-gb6-69e889a400d27-0-0-0\" class=\"so-panel widget panel-first-child panel-last-child\" data-index=\"0\" ><\/div><\/div><\/div><\/div>\n\n<div id=\"pl-gb6-69e889a4012de\"  class=\"panel-layout\" ><div id=\"pg-gb6-69e889a4012de-0\"  class=\"panel-grid panel-no-style\" ><div id=\"pgc-gb6-69e889a4012de-0-0\"  class=\"panel-grid-cell\" ><div id=\"panel-gb6-69e889a4012de-0-0-0\" class=\"so-panel widget widget_em_widget panel-first-child panel-last-child\" data-index=\"0\" ><div class=\"panel-widget-style panel-widget-style-for-gb6-69e889a4012de-0-0-0\" ><div class=\"em pixelbones em-list-widget em-events-widget\"><ul><li><div class=\"em-item em-event\" style=\"--default-border:#_CATEGORYCOLOR;\">\n\t<div class=\"em-item-image has-placeholder\" style=\"max-width:120px\">\n\t\t\n\t\t\n\t\t<div class=\"em-item-image-placeholder\">\n\t\t\t<div class=\"date\">\n\t\t\t\t<span class=\"day\">24<\/span>\n\t\t\t\t<span class=\"month\">Apr.<\/span>\n\t\t\t<\/div>\n\t\t<\/div>\n\t\t\n\t<\/div>\n\t<div class=\"em-item-info\">\n\t\t<div class=\"em-item-name\"><a href=\"https:\/\/freiburger-schreibkiste.de\/?event=stefanie-hoefler-bis-der-regen-feuer-faengt\">Stefanie H\u00f6fler: Bis der Regen Feuer f\u00e4ngt<\/a><\/div>\n\t\t<div class=\"em-item-meta\">\n\t\t\t<div class=\"em-item-meta-line em-event-date em-event-meta-datetime\">\n\t\t\t\t<span class=\"em-icon em-icon-clock\"><\/span>\n\t\t\t\t<span>18:00 <\/span>\n\t\t\t<\/div>\n\t\t\t<div class=\"em-item-meta-line em-event-location em-event-meta-location\">\n\t\t\t\t<span class=\"em-icon em-icon-location\"><\/span>\n\t\t\t\t<span>Literaturhaus Freiburg<\/span>\n\t\t\t<\/div>\n\t\t<\/div>\n\t<\/div>\n<\/div><\/li><li><div class=\"em-item em-event\" style=\"--default-border:#_CATEGORYCOLOR;\">\n\t<div class=\"em-item-image has-placeholder\" style=\"max-width:120px\">\n\t\t\n\t\t\n\t\t<div class=\"em-item-image-placeholder\">\n\t\t\t<div class=\"date\">\n\t\t\t\t<span class=\"day\">30<\/span>\n\t\t\t\t<span class=\"month\">Apr.<\/span>\n\t\t\t<\/div>\n\t\t<\/div>\n\t\t\n\t<\/div>\n\t<div class=\"em-item-info\">\n\t\t<div class=\"em-item-name\"><a href=\"https:\/\/freiburger-schreibkiste.de\/?event=literarischer-fruehsport-9\">Literarischer Fr\u00fchsport<\/a><\/div>\n\t\t<div class=\"em-item-meta\">\n\t\t\t<div class=\"em-item-meta-line em-event-date em-event-meta-datetime\">\n\t\t\t\t<span class=\"em-icon em-icon-clock\"><\/span>\n\t\t\t\t<span>10:00 <\/span>\n\t\t\t<\/div>\n\t\t\t<div class=\"em-item-meta-line em-event-location em-event-meta-location\">\n\t\t\t\t<span class=\"em-icon em-icon-location\"><\/span>\n\t\t\t\t<span>Literaturhaus Freiburg<\/span>\n\t\t\t<\/div>\n\t\t<\/div>\n\t<\/div>\n<\/div><\/li><li><div class=\"em-item em-event\" style=\"--default-border:#_CATEGORYCOLOR;\">\n\t<div class=\"em-item-image has-placeholder\" style=\"max-width:120px\">\n\t\t\n\t\t\n\t\t<div class=\"em-item-image-placeholder\">\n\t\t\t<div class=\"date\">\n\t\t\t\t<span class=\"day\">30<\/span>\n\t\t\t\t<span class=\"month\">Apr.<\/span>\n\t\t\t<\/div>\n\t\t<\/div>\n\t\t\n\t<\/div>\n\t<div class=\"em-item-info\">\n\t\t<div class=\"em-item-name\"><a href=\"https:\/\/freiburger-schreibkiste.de\/?event=literarisches-werkstattgespraech-6\">Literarisches Werkstattgespr\u00e4ch<\/a><\/div>\n\t\t<div class=\"em-item-meta\">\n\t\t\t<div class=\"em-item-meta-line em-event-date em-event-meta-datetime\">\n\t\t\t\t<span class=\"em-icon em-icon-clock\"><\/span>\n\t\t\t\t<span>19:30 <\/span>\n\t\t\t<\/div>\n\t\t\t<div class=\"em-item-meta-line em-event-location em-event-meta-location\">\n\t\t\t\t<span class=\"em-icon em-icon-location\"><\/span>\n\t\t\t\t<span>Literaturhaus Freiburg<\/span>\n\t\t\t<\/div>\n\t\t<\/div>\n\t<\/div>\n<\/div><\/li><li><div class=\"em-item em-event\" style=\"--default-border:#_CATEGORYCOLOR;\">\n\t<div class=\"em-item-image has-placeholder\" style=\"max-width:120px\">\n\t\t\n\t\t\n\t\t<div class=\"em-item-image-placeholder\">\n\t\t\t<div class=\"date\">\n\t\t\t\t<span class=\"day\">05<\/span>\n\t\t\t\t<span class=\"month\">Mai<\/span>\n\t\t\t<\/div>\n\t\t<\/div>\n\t\t\n\t<\/div>\n\t<div class=\"em-item-info\">\n\t\t<div class=\"em-item-name\"><a href=\"https:\/\/freiburger-schreibkiste.de\/?event=judith-schalansky-marmor-quecksilber-nebel\">Judith Schalansky: &quot;Marmor, Quecksilber, Nebel&quot;<\/a><\/div>\n\t\t<div class=\"em-item-meta\">\n\t\t\t<div class=\"em-item-meta-line em-event-date em-event-meta-datetime\">\n\t\t\t\t<span class=\"em-icon em-icon-clock\"><\/span>\n\t\t\t\t<span>19:30 <\/span>\n\t\t\t<\/div>\n\t\t\t<div class=\"em-item-meta-line em-event-location em-event-meta-location\">\n\t\t\t\t<span class=\"em-icon em-icon-location\"><\/span>\n\t\t\t\t<span>Literaturhaus Freiburg<\/span>\n\t\t\t<\/div>\n\t\t<\/div>\n\t<\/div>\n<\/div><\/li><li><div class=\"em-item em-event\" style=\"--default-border:#_CATEGORYCOLOR;\">\n\t<div class=\"em-item-image has-placeholder\" style=\"max-width:120px\">\n\t\t\n\t\t\n\t\t<div class=\"em-item-image-placeholder\">\n\t\t\t<div class=\"date\">\n\t\t\t\t<span class=\"day\">06<\/span>\n\t\t\t\t<span class=\"month\">Mai<\/span>\n\t\t\t<\/div>\n\t\t<\/div>\n\t\t\n\t<\/div>\n\t<div class=\"em-item-info\">\n\t\t<div class=\"em-item-name\"><a href=\"https:\/\/freiburger-schreibkiste.de\/?event=bilderbuchkino-3\">Bilderbuchkino<\/a><\/div>\n\t\t<div class=\"em-item-meta\">\n\t\t\t<div class=\"em-item-meta-line em-event-date em-event-meta-datetime\">\n\t\t\t\t<span class=\"em-icon em-icon-clock\"><\/span>\n\t\t\t\t<span>15:30 <\/span>\n\t\t\t<\/div>\n\t\t\t<div class=\"em-item-meta-line em-event-location em-event-meta-location\">\n\t\t\t\t<span class=\"em-icon em-icon-location\"><\/span>\n\t\t\t\t<span>Stadtteilbibliothek Mooswald<\/span>\n\t\t\t<\/div>\n\t\t<\/div>\n\t<\/div>\n<\/div><\/li><li><div class=\"em-item em-event\" style=\"--default-border:#_CATEGORYCOLOR;\">\n\t<div class=\"em-item-image has-placeholder\" style=\"max-width:120px\">\n\t\t\n\t\t\n\t\t<div class=\"em-item-image-placeholder\">\n\t\t\t<div class=\"date\">\n\t\t\t\t<span class=\"day\">06<\/span>\n\t\t\t\t<span class=\"month\">Mai<\/span>\n\t\t\t<\/div>\n\t\t<\/div>\n\t\t\n\t<\/div>\n\t<div class=\"em-item-info\">\n\t\t<div class=\"em-item-name\"><a href=\"https:\/\/freiburger-schreibkiste.de\/?event=die-stunde-ohrenschmaus-2\">Die Stunde Ohrenschmaus<\/a><\/div>\n\t\t<div class=\"em-item-meta\">\n\t\t\t<div class=\"em-item-meta-line em-event-date em-event-meta-datetime\">\n\t\t\t\t<span class=\"em-icon em-icon-clock\"><\/span>\n\t\t\t\t<span>16:00 <\/span>\n\t\t\t<\/div>\n\t\t\t<div class=\"em-item-meta-line em-event-location em-event-meta-location\">\n\t\t\t\t<span class=\"em-icon em-icon-location\"><\/span>\n\t\t\t\t<span>Mediothek Rieselfeld<\/span>\n\t\t\t<\/div>\n\t\t<\/div>\n\t<\/div>\n<\/div><\/li><li><div class=\"em-item em-event\" style=\"--default-border:#_CATEGORYCOLOR;\">\n\t<div class=\"em-item-image has-placeholder\" style=\"max-width:120px\">\n\t\t\n\t\t\n\t\t<div class=\"em-item-image-placeholder\">\n\t\t\t<div class=\"date\">\n\t\t\t\t<span class=\"day\">10<\/span>\n\t\t\t\t<span class=\"month\">Mai<\/span>\n\t\t\t<\/div>\n\t\t<\/div>\n\t\t\n\t<\/div>\n\t<div class=\"em-item-info\">\n\t\t<div class=\"em-item-name\"><a href=\"https:\/\/freiburger-schreibkiste.de\/?event=lesekiosk-beim-familienfest-in-der-vhs\">Lesekiosk beim Familienfest in der VHS<\/a><\/div>\n\t\t<div class=\"em-item-meta\">\n\t\t\t<div class=\"em-item-meta-line em-event-date em-event-meta-datetime\">\n\t\t\t\t<span class=\"em-icon em-icon-clock\"><\/span>\n\t\t\t\t<span>11:30 <\/span>\n\t\t\t<\/div>\n\t\t\t<div class=\"em-item-meta-line em-event-location em-event-meta-location\">\n\t\t\t\t<span class=\"em-icon em-icon-location\"><\/span>\n\t\t\t\t<span><\/span>\n\t\t\t<\/div>\n\t\t<\/div>\n\t<\/div>\n<\/div><\/li><li><div class=\"em-item em-event\" style=\"--default-border:#_CATEGORYCOLOR;\">\n\t<div class=\"em-item-image has-placeholder\" style=\"max-width:120px\">\n\t\t\n\t\t\n\t\t<div class=\"em-item-image-placeholder\">\n\t\t\t<div class=\"date\">\n\t\t\t\t<span class=\"day\">13<\/span>\n\t\t\t\t<span class=\"month\">Mai<\/span>\n\t\t\t<\/div>\n\t\t<\/div>\n\t\t\n\t<\/div>\n\t<div class=\"em-item-info\">\n\t\t<div class=\"em-item-name\"><a href=\"https:\/\/freiburger-schreibkiste.de\/?event=bilderbuchkino-3\">Bilderbuchkino<\/a><\/div>\n\t\t<div class=\"em-item-meta\">\n\t\t\t<div class=\"em-item-meta-line em-event-date em-event-meta-datetime\">\n\t\t\t\t<span class=\"em-icon em-icon-clock\"><\/span>\n\t\t\t\t<span>15:30 <\/span>\n\t\t\t<\/div>\n\t\t\t<div class=\"em-item-meta-line em-event-location em-event-meta-location\">\n\t\t\t\t<span class=\"em-icon em-icon-location\"><\/span>\n\t\t\t\t<span>Stadtteilbibliothek Mooswald<\/span>\n\t\t\t<\/div>\n\t\t<\/div>\n\t<\/div>\n<\/div><\/li><li><div class=\"em-item em-event\" style=\"--default-border:#_CATEGORYCOLOR;\">\n\t<div class=\"em-item-image has-placeholder\" style=\"max-width:120px\">\n\t\t\n\t\t\n\t\t<div class=\"em-item-image-placeholder\">\n\t\t\t<div class=\"date\">\n\t\t\t\t<span class=\"day\">13<\/span>\n\t\t\t\t<span class=\"month\">Mai<\/span>\n\t\t\t<\/div>\n\t\t<\/div>\n\t\t\n\t<\/div>\n\t<div class=\"em-item-info\">\n\t\t<div class=\"em-item-name\"><a href=\"https:\/\/freiburger-schreibkiste.de\/?event=die-stunde-ohrenschmaus-2\">Die Stunde Ohrenschmaus<\/a><\/div>\n\t\t<div class=\"em-item-meta\">\n\t\t\t<div class=\"em-item-meta-line em-event-date em-event-meta-datetime\">\n\t\t\t\t<span class=\"em-icon em-icon-clock\"><\/span>\n\t\t\t\t<span>16:00 <\/span>\n\t\t\t<\/div>\n\t\t\t<div class=\"em-item-meta-line em-event-location em-event-meta-location\">\n\t\t\t\t<span class=\"em-icon em-icon-location\"><\/span>\n\t\t\t\t<span>Mediothek Rieselfeld<\/span>\n\t\t\t<\/div>\n\t\t<\/div>\n\t<\/div>\n<\/div><\/li><li><div class=\"em-item em-event\" style=\"--default-border:#_CATEGORYCOLOR;\">\n\t<div class=\"em-item-image has-placeholder\" style=\"max-width:120px\">\n\t\t\n\t\t\n\t\t<div class=\"em-item-image-placeholder\">\n\t\t\t<div class=\"date\">\n\t\t\t\t<span class=\"day\">13<\/span>\n\t\t\t\t<span class=\"month\">Mai<\/span>\n\t\t\t<\/div>\n\t\t<\/div>\n\t\t\n\t<\/div>\n\t<div class=\"em-item-info\">\n\t\t<div class=\"em-item-name\"><a href=\"https:\/\/freiburger-schreibkiste.de\/?event=geschichtenzauber-2\">Geschichtenzauber<\/a><\/div>\n\t\t<div class=\"em-item-meta\">\n\t\t\t<div class=\"em-item-meta-line em-event-date em-event-meta-datetime\">\n\t\t\t\t<span class=\"em-icon em-icon-clock\"><\/span>\n\t\t\t\t<span>16:00 <\/span>\n\t\t\t<\/div>\n\t\t\t<div class=\"em-item-meta-line em-event-location em-event-meta-location\">\n\t\t\t\t<span class=\"em-icon em-icon-location\"><\/span>\n\t\t\t\t<span>Stadtteilbibliothek Haslach<\/span>\n\t\t\t<\/div>\n\t\t<\/div>\n\t<\/div>\n<\/div><\/li><li><div class=\"em-item em-event\" style=\"--default-border:#_CATEGORYCOLOR;\">\n\t<div class=\"em-item-image has-placeholder\" style=\"max-width:120px\">\n\t\t\n\t\t\n\t\t<div class=\"em-item-image-placeholder\">\n\t\t\t<div class=\"date\">\n\t\t\t\t<span class=\"day\">18<\/span>\n\t\t\t\t<span class=\"month\">Mai<\/span>\n\t\t\t<\/div>\n\t\t<\/div>\n\t\t\n\t<\/div>\n\t<div class=\"em-item-info\">\n\t\t<div class=\"em-item-name\"><a href=\"https:\/\/freiburger-schreibkiste.de\/?event=bilderbuchkino-in-der-mediothek\">Bilderbuchkino in der Mediothek<\/a><\/div>\n\t\t<div class=\"em-item-meta\">\n\t\t\t<div class=\"em-item-meta-line em-event-date em-event-meta-datetime\">\n\t\t\t\t<span class=\"em-icon em-icon-clock\"><\/span>\n\t\t\t\t<span>16:00 <\/span>\n\t\t\t<\/div>\n\t\t\t<div class=\"em-item-meta-line em-event-location em-event-meta-location\">\n\t\t\t\t<span class=\"em-icon em-icon-location\"><\/span>\n\t\t\t\t<span>Mediothek Rieselfeld<\/span>\n\t\t\t<\/div>\n\t\t<\/div>\n\t<\/div>\n<\/div><\/li><li><div class=\"em-item em-event\" style=\"--default-border:#_CATEGORYCOLOR;\">\n\t<div class=\"em-item-image has-placeholder\" style=\"max-width:120px\">\n\t\t\n\t\t\n\t\t<div class=\"em-item-image-placeholder\">\n\t\t\t<div class=\"date\">\n\t\t\t\t<span class=\"day\">18<\/span>\n\t\t\t\t<span class=\"month\">Mai<\/span>\n\t\t\t<\/div>\n\t\t<\/div>\n\t\t\n\t<\/div>\n\t<div class=\"em-item-info\">\n\t\t<div class=\"em-item-name\"><a href=\"https:\/\/freiburger-schreibkiste.de\/?event=sasa-stanisic-und-christian-streich-reden-gegen-das-nichtstun\">Sa\u0161a Stani\u0161i\u0107 und Christian Streich: Reden gegen das Nichtstun<\/a><\/div>\n\t\t<div class=\"em-item-meta\">\n\t\t\t<div class=\"em-item-meta-line em-event-date em-event-meta-datetime\">\n\t\t\t\t<span class=\"em-icon em-icon-clock\"><\/span>\n\t\t\t\t<span>19:30 <\/span>\n\t\t\t<\/div>\n\t\t\t<div class=\"em-item-meta-line em-event-location em-event-meta-location\">\n\t\t\t\t<span class=\"em-icon em-icon-location\"><\/span>\n\t\t\t\t<span>Stadttheater, Gro\u00dfes Haus<\/span>\n\t\t\t<\/div>\n\t\t<\/div>\n\t<\/div>\n<\/div><\/li><li class=\"all-events-link\"><a href=\"https:\/\/freiburger-schreibkiste.de\/?page_id=6191\" title=\"alle Veranstaltungen\">alle Veranstaltungen<\/a><\/li><\/ul><\/div><\/div><\/div><\/div><\/div><\/div>","protected":false},"excerpt":{"rendered":"<p>Veranstaltungskalender<\/p>\n","protected":false},"author":1,"featured_media":138,"parent":0,"menu_order":0,"comment_status":"closed","ping_status":"closed","template":"","meta":{"jetpack_post_was_ever_published":false,"footnotes":""},"class_list":["post-6","page","type-page","status-publish","has-post-thumbnail","hentry"],"jetpack_sharing_enabled":true,"jetpack_shortlink":"https:\/\/wp.me\/P7mgmt-6","_links":{"self":[{"href":"https:\/\/freiburger-schreibkiste.de\/index.php?rest_route=\/wp\/v2\/pages\/6","targetHints":{"allow":["GET"]}}],"collection":[{"href":"https:\/\/freiburger-schreibkiste.de\/index.php?rest_route=\/wp\/v2\/pages"}],"about":[{"href":"https:\/\/freiburger-schreibkiste.de\/index.php?rest_route=\/wp\/v2\/types\/page"}],"author":[{"embeddable":true,"href":"https:\/\/freiburger-schreibkiste.de\/index.php?rest_route=\/wp\/v2\/users\/1"}],"replies":[{"embeddable":true,"href":"https:\/\/freiburger-schreibkiste.de\/index.php?rest_route=%2Fwp%2Fv2%2Fcomments&post=6"}],"version-history":[{"count":0,"href":"https:\/\/freiburger-schreibkiste.de\/index.php?rest_route=\/wp\/v2\/pages\/6\/revisions"}],"wp:featuredmedia":[{"embeddable":true,"href":"https:\/\/freiburger-schreibkiste.de\/index.php?rest_route=\/wp\/v2\/media\/138"}],"wp:attachment":[{"href":"https:\/\/freiburger-schreibkiste.de\/index.php?rest_route=%2Fwp%2Fv2%2Fmedia&parent=6"}],"curies":[{"name":"wp","href":"https:\/\/api.w.org\/{rel}","templated":true}]}}