{"id":411,"date":"2016-06-21T12:09:30","date_gmt":"2016-06-21T10:09:30","guid":{"rendered":"http:\/\/freiburger-schreibkiste.de\/?page_id=411"},"modified":"2023-01-12T16:35:36","modified_gmt":"2023-01-12T15:35:36","slug":"newsletter","status":"publish","type":"page","link":"https:\/\/freiburger-schreibkiste.de\/?page_id=411","title":{"rendered":"Newsletter"},"content":{"rendered":"<div id=\"pl-411\"  class=\"panel-layout\" ><div id=\"pg-411-0\"  class=\"panel-grid panel-no-style\" ><div id=\"pgc-411-0-0\"  class=\"panel-grid-cell\" ><div id=\"panel-411-0-0-0\" class=\"so-panel widget widget_wysija panel-first-child panel-last-child\" data-index=\"0\" ><h3 class=\"widget-title\">Sie m\u00f6chten regelm\u00e4\u00dfig \u00fcber Neuigkeiten aus dem Freiburger Literaturleben, Ausschreibungen, Veranstaltungen und Kurse informiert werden? Dann abonnieren Sie unseren kostenlosen Newsletter. <\/h3><div class=\"widget_wysija_cont\"><div id=\"msg-form-widget-0-0-0\" class=\"wysija-msg ajax\"><\/div><form id=\"form-widget-0-0-0\" method=\"post\" action=\"#wysija\" class=\"widget_wysija\">\n<p class=\"wysija-paragraph\">\n    <label>Vorname<\/label>\n    \n    \t<input type=\"text\" name=\"wysija[user][firstname]\" class=\"wysija-input \" title=\"Vorname\"  value=\"\" \/>\n    \n    \n    \n    <span class=\"abs-req\">\n        <input type=\"text\" name=\"wysija[user][abs][firstname]\" class=\"wysija-input validated[abs][firstname]\" value=\"\" \/>\n    <\/span>\n    \n<\/p>\n<p class=\"wysija-paragraph\">\n    <label>Nachname<\/label>\n    \n    \t<input type=\"text\" name=\"wysija[user][lastname]\" class=\"wysija-input \" title=\"Nachname\"  value=\"\" \/>\n    \n    \n    \n    <span class=\"abs-req\">\n        <input type=\"text\" name=\"wysija[user][abs][lastname]\" class=\"wysija-input validated[abs][lastname]\" value=\"\" \/>\n    <\/span>\n    \n<\/p>\n<p class=\"wysija-paragraph\">\n    <label>E-Mail <span class=\"wysija-required\">*<\/span><\/label>\n    \n    \t<input type=\"text\" name=\"wysija[user][email]\" class=\"wysija-input validate[required,custom[email]]\" title=\"E-Mail\"  value=\"\" \/>\n    \n    \n    \n    <span class=\"abs-req\">\n        <input type=\"text\" name=\"wysija[user][abs][email]\" class=\"wysija-input validated[abs][email]\" value=\"\" \/>\n    <\/span>\n    \n<\/p>\n\r\n<input class=\"wysija-submit wysija-submit-field\" type=\"submit\" value=\"Anmelden!\" \/>\n\n    <input type=\"hidden\" name=\"form_id\" value=\"2\" \/>\n    <input type=\"hidden\" name=\"action\" value=\"save\" \/>\n    <input type=\"hidden\" name=\"controller\" value=\"subscribers\" \/>\n    <input type=\"hidden\" value=\"1\" name=\"wysija-page\" \/>\n\n    \n        <input type=\"hidden\" name=\"wysija[user_list][list_ids]\" value=\"1\" \/>\n    \n <\/form><\/div><\/div><\/div><\/div><\/div>","protected":false},"excerpt":{"rendered":"<p>Sie m\u00f6chten regelm\u00e4\u00dfig \u00fcber Neuigkeiten aus dem Freiburger Literaturleben, Ausschreibungen, Veranstaltungen und Kurse informiert werden? Dann abonnieren Sie unseren kostenlosen Newsletter. Vorname Nachname E-Mail *<\/p>\n","protected":false},"author":1,"featured_media":0,"parent":0,"menu_order":0,"comment_status":"closed","ping_status":"closed","template":"","meta":{"jetpack_post_was_ever_published":false,"footnotes":""},"class_list":["post-411","page","type-page","status-publish","hentry"],"jetpack_sharing_enabled":true,"jetpack_shortlink":"https:\/\/wp.me\/P7mgmt-6D","_links":{"self":[{"href":"https:\/\/freiburger-schreibkiste.de\/index.php?rest_route=\/wp\/v2\/pages\/411","targetHints":{"allow":["GET"]}}],"collection":[{"href":"https:\/\/freiburger-schreibkiste.de\/index.php?rest_route=\/wp\/v2\/pages"}],"about":[{"href":"https:\/\/freiburger-schreibkiste.de\/index.php?rest_route=\/wp\/v2\/types\/page"}],"author":[{"embeddable":true,"href":"https:\/\/freiburger-schreibkiste.de\/index.php?rest_route=\/wp\/v2\/users\/1"}],"replies":[{"embeddable":true,"href":"https:\/\/freiburger-schreibkiste.de\/index.php?rest_route=%2Fwp%2Fv2%2Fcomments&post=411"}],"version-history":[{"count":0,"href":"https:\/\/freiburger-schreibkiste.de\/index.php?rest_route=\/wp\/v2\/pages\/411\/revisions"}],"wp:attachment":[{"href":"https:\/\/freiburger-schreibkiste.de\/index.php?rest_route=%2Fwp%2Fv2%2Fmedia&parent=411"}],"curies":[{"name":"wp","href":"https:\/\/api.w.org\/{rel}","templated":true}]}}