{"id":27,"date":"2016-03-16T08:43:51","date_gmt":"2016-03-16T08:43:51","guid":{"rendered":"http:\/\/freiburger-schreibkiste.de\/?page_id=27"},"modified":"2026-01-09T10:13:20","modified_gmt":"2026-01-09T09:13:20","slug":"veroeffentlichen","status":"publish","type":"page","link":"https:\/\/freiburger-schreibkiste.de\/?page_id=27","title":{"rendered":"Ver\u00f6ffentlichen"},"content":{"rendered":"<h4>Auf Lesersuche:<\/h4>\n<h3><strong>Lektorate, Agenturen, PR, Verlage, Ausschreibungen, Literaturzeitschriften<\/strong><\/h3>\n<p><strong>Buch Contact<\/strong><br \/>\nPR-Agentur f\u00fcr Autoren, Verlage, Kulturinstitutionen<br \/>\n<a href=\"http:\/\/www.buchcontact.de\">www.buchcontact.de<\/a><\/p>\n<p><strong>Die Schreibstatt<\/strong><br \/>\nJulia Heinecke<br \/>\nLektorat, Texte, Biografien<br \/>\n<a href=\"http:\/\/www.die-schreibstatt.de\/\">www.die-schreibstatt.de<\/a><\/p>\n<p><strong>Derk Jan\u00dfen Verlag<\/strong><br \/>\nKleiner Verlag f\u00fcr Lyrik und Prosa<br \/>\n<a href=\"http:\/\/www.derk-janssen-verlag.de\">www.derk-janssen-verlag.de<\/a><\/p>\n<p><strong>Herder Verlag<\/strong><br \/>\nSchwerpunkte u.a. Religion, P\u00e4dagogik, Modernes Leben<br \/>\n<a href=\"http:\/\/www.herder.de\">www.herder.de<\/a><\/p>\n<p><strong>Hille &amp; Sch\u00e4fer<br \/>\n<\/strong>Lektorat und Redaktion<br \/>\n<a href=\"http:\/\/www.hilleundschaefer.de\">http:\/\/www.hilleundschaefer.de<\/a><\/p>\n<p><strong>kladde|buchverlag<\/strong><br \/>\nVer\u00f6ffentlichung \u00fcber Crowdfunding<br \/>\n<a href=\"http:\/\/www.kladdebuchverlag.de\">www.kladdebuchverlag.de<\/a><\/p>\n<p style=\"margin: 0cm; margin-bottom: .0001pt;\"><strong>Klaus Isele Editor<\/strong><br \/>\nHerausgeber diverser Buchreihen. Erfahrener Lektor<br \/>\n<a href=\"http:\/\/www.KlausIsele.de\">www.KlausIsele.de\u00a0<\/a><\/p>\n<p><strong>Lektorat Jutta Orth<\/strong><br \/>\nLektorat, Korrektorat, \u00dcbersetzungen<br \/>\n<a href=\"http:\/\/www.orth-fuer-texte.de\">http:\/\/www.orth-fuer-texte.de<\/a><\/p>\n<p><strong>LektoRat Vita Funke<\/strong><br \/>\nLektorat und Korrektorat von literarischen Texten und Sachtexten<br \/>\n<a href=\"http:\/\/www.lektorat-funke.de\">http:\/\/www.lektorat-funke.de<\/a><\/p>\n<p><strong>Lektorat Thomas Pohl<\/strong><br \/>\nKorrektorat und Lektorat f\u00fcr literarische Texte und Sachtexte<br \/>\n<a href=\"http:\/\/www.lektorat-pohl.de\">www.lektorat-pohl.de<\/a><\/p>\n<p><strong>Literaturagentur Beate Riess<\/strong><br \/>\nVermittlung von AutorInnnen der Belletristik, des erz\u00e4hlenden Sachbuchs, der Kinder- und Jugendliteratur<br \/>\n<a href=\"http:\/\/www.litag-riess.de\">www.litag-riess.de<\/a><\/p>\n<p><strong>Rombach Verlag KG<\/strong><br \/>\nRegionalia, Biografien, Wissenschaft<br \/>\n<a href=\"http:\/\/www.rombach-verlag.de\">http:\/\/www.rombach-verlag.de<\/a><\/p>\n<p><strong>Sternwald-Verlag Hans-Albert Stechl<\/strong><br \/>\nBelletristik und Sachbuch, gern mit regionalem Bezug<br \/>\n<a href=\"http:\/\/www.sternwaldverlag.de\">www.sternwaldverlag.de<\/a><\/p>\n<p><strong>Sylvia Schmieder<\/strong><br \/>\nLektorin, Autorin, Dozentin<br \/>\n<a href=\"http:\/\/www.sylvia-schmieder.de\">www.sylvia-schmieder.de<\/a><\/p>\n<p><strong>Stifter-Verlag<\/strong><br \/>\nEndingen<br \/>\n<a href=\"https:\/\/www.stifter-verlag.com\">www.stifter-verlag.com<\/a><\/p>\n<p><strong>Textkraft<\/strong><br \/>\nHans Peter Roentgen<br \/>\nLektorate, Coaching, Kurse, Vortr\u00e4ge<br \/>\n<a href=\"http:\/\/www.hanspeterroentgen.de\">www.hanspeterroentgen.de<\/a><\/p>\n<p><strong>The Freiburg Review<\/strong><br \/>\nZweisprachige Literaturzeitschrift (deutsch\/englisch)<br \/>\n<a href=\"http:\/\/thefreiburgreview.weebly.com\/about.html\">http:\/\/thefreiburgreview.weebly.com\/about.html <\/a><br \/>\n<a href=\"https:\/\/www.facebook.com\/freiburgreview\/\">https:\/\/www.facebook.com\/freiburgreview\/<\/a><\/p>\n","protected":false},"excerpt":{"rendered":"<p>Auf Lesersuche: Lektorate, Agenturen, PR, Verlage, Ausschreibungen, Literaturzeitschriften Buch Contact PR-Agentur f\u00fcr Autoren, Verlage, Kulturinstitutionen www.buchcontact.de Die Schreibstatt Julia Heinecke Lektorat, Texte, Biografien www.die-schreibstatt.de Derk Jan\u00dfen Verlag Kleiner Verlag f\u00fcr Lyrik und Prosa www.derk-janssen-verlag.de Herder Verlag Schwerpunkte u.a. Religion, P\u00e4dagogik,&#8230;<\/p>\n","protected":false},"author":1,"featured_media":0,"parent":0,"menu_order":0,"comment_status":"closed","ping_status":"closed","template":"","meta":{"jetpack_post_was_ever_published":false,"footnotes":""},"class_list":["post-27","page","type-page","status-publish","hentry"],"jetpack_sharing_enabled":true,"jetpack_shortlink":"https:\/\/wp.me\/P7mgmt-r","_links":{"self":[{"href":"https:\/\/freiburger-schreibkiste.de\/index.php?rest_route=\/wp\/v2\/pages\/27","targetHints":{"allow":["GET"]}}],"collection":[{"href":"https:\/\/freiburger-schreibkiste.de\/index.php?rest_route=\/wp\/v2\/pages"}],"about":[{"href":"https:\/\/freiburger-schreibkiste.de\/index.php?rest_route=\/wp\/v2\/types\/page"}],"author":[{"embeddable":true,"href":"https:\/\/freiburger-schreibkiste.de\/index.php?rest_route=\/wp\/v2\/users\/1"}],"replies":[{"embeddable":true,"href":"https:\/\/freiburger-schreibkiste.de\/index.php?rest_route=%2Fwp%2Fv2%2Fcomments&post=27"}],"version-history":[{"count":0,"href":"https:\/\/freiburger-schreibkiste.de\/index.php?rest_route=\/wp\/v2\/pages\/27\/revisions"}],"wp:attachment":[{"href":"https:\/\/freiburger-schreibkiste.de\/index.php?rest_route=%2Fwp%2Fv2%2Fmedia&parent=27"}],"curies":[{"name":"wp","href":"https:\/\/api.w.org\/{rel}","templated":true}]}}