{"id":2476,"date":"2018-05-18T17:32:11","date_gmt":"2018-05-18T15:32:11","guid":{"rendered":"http:\/\/freiburger-schreibkiste.de\/?page_id=2476"},"modified":"2018-05-21T16:10:20","modified_gmt":"2018-05-21T14:10:20","slug":"datenschutzerklaerung","status":"publish","type":"page","link":"https:\/\/freiburger-schreibkiste.de\/?page_id=2476","title":{"rendered":"Datenschutzerkl\u00e4rung"},"content":{"rendered":"<h3><strong>Datenschutzerkl\u00e4rung<\/strong><\/h3>\n<p><strong>Allgemein<\/strong><\/p>\n<p>Ziel unserer Website ist es, literarisch Interessierten und literarisch Schreibenden Informationen zur Verf\u00fcgung zu stellen. Wir tun dies ehrenamtlich, auf eigene Kosten und ohne wirtschaftliches Interesse.<\/p>\n<p>Auf unserer Website bieten wir an, mittels eines E-Mail Formulars mit uns in Kontakt zu treten. Weiterhin k\u00f6nnen Sie einen Newsletter zu abonnieren. Dazu m\u00fcssen Sie Ihre E-Mailadresse eingeben und, fakultativ auch Ihren Namen. Wenn Sie diese Daten eingeben, werden Sie von uns ausschlie\u00dflich f\u00fcr die genannten Zwecke benutzt.<\/p>\n<p>Bei einigen unserer Inhalte befindet sich ein &#8222;facebook&#8220; button, mit dem Sie den entsprechenden Inhalte &#8222;teilen&#8220; k\u00f6nnen.<\/p>\n<p>Das Content Management System WordPress, mit dem wir unsere Seiten erstellt haben, bietet uns an, die Zugriffszahlen auf unsere Seiten aufzurufen. Wir k\u00f6nnen also nachschauen, wie h\u00e4ufig einzelne Seiten aufgerufen worden, nicht aber, wer sie aufgerufen hat. N\u00e4heres hierzu siehe unten.<\/p>\n<p><strong>Geltungsbereich<\/strong><\/p>\n<p>Diese Datenschutzerkl\u00e4rung soll die Nutzer dieser Website gem\u00e4\u00df Bundesdatenschutzgesetz und Telemediengesetz \u00fcber die Art, den Umfang und den Zweck der Erhebung und Verwendung personenbezogener Daten durch die Websitebetreiber Sylvia Schmieder und Patrik Schulz, Aumattenweg 7, 79117 Freiburg informieren.<\/p>\n<p>Der Websitebetreiber nimmt Ihren Datenschutz ernst und behandelt Ihre personenbezogenen Daten vertraulich und entsprechend der gesetzlichen Vorschriften.<\/p>\n<p>Bedenken Sie, dass die Daten\u00fcbertragung im Internet grunds\u00e4tzlich mit Sicherheitsl\u00fccken bedacht sein kann. Ein vollumf\u00e4nglicher Schutz vor dem Zugriff durch Fremde ist nicht realisierbar.<\/p>\n<h4>Zugriffsdaten<\/h4>\n<p>Der Websitebetreiber bzw. Seitenprovider erhebt Daten \u00fcber Zugriffe auf die Seite und speichert diese als \u201eServer-Logfiles\u201c ab. Folgende Daten werden so protokolliert:<\/p>\n<ul>\n<li>Besuchte Website<\/li>\n<li>Uhrzeit zum Zeitpunkt des Zugriffes<\/li>\n<li>Menge der gesendeten Daten in Byte<\/li>\n<li>Quelle\/Verweis, von welchem Sie auf die Seite gelangten<\/li>\n<li>Verwendeter Browser<\/li>\n<li>Verwendetes Betriebssystem<\/li>\n<li>Verwendete IP-Adresse<\/li>\n<\/ul>\n<p>Die erhobenen Daten dienen lediglich statistischen Auswertungen und zur Verbesserung der Website. Der Websitebetreiber beh\u00e4lt sich allerdings vor, die Server-Logfiles nachtr\u00e4glich zu \u00fcberpr\u00fcfen, sollten konkrete Anhaltspunkte auf eine rechtswidrige Nutzung hinweisen.<\/p>\n<h4>Cookies<\/h4>\n<p>Diese Website verwendet Cookies. Dabei handelt es sich um kleine Textdateien, welche auf Ihrem Endger\u00e4t gespeichert werden. Ihr Browser greift auf diese Dateien zu. Durch den Einsatz von Cookies erh\u00f6ht sich die Benutzerfreundlichkeit und Sicherheit dieser Website.<\/p>\n<p>G\u00e4ngige Browser bieten die Einstellungsoption, Cookies nicht zuzulassen. Hinweis: Es ist nicht gew\u00e4hrleistet, dass Sie auf alle Funktionen dieser Website ohne Einschr\u00e4nkungen zugreifen k\u00f6nnen, wenn Sie entsprechende Einstellungen vornehmen.<\/p>\n<h4>Umgang mit personenbezogenen Daten<\/h4>\n<p>Der Websitebetreiber erhebt, nutzt und gibt Ihre personenbezogenen Daten nur dann weiter, wenn dies im gesetzlichen Rahmen erlaubt ist oder Sie in die Datenerhebung einwilligen.<\/p>\n<p>Als personenbezogene Daten gelten s\u00e4mtliche Informationen, welche dazu dienen, Ihre Person zu bestimmen und welche zu Ihnen zur\u00fcckverfolgt werden k\u00f6nnen \u2013 also beispielsweise Ihr Name oder Ihre E-Mail-Adresse.<\/p>\n<h4>Umgang mit Kontaktdaten<\/h4>\n<p>Nehmen Sie mit dem Websitebetreiber durch die angebotenen Kontaktm\u00f6glichkeiten Verbindung auf, werden Ihre Angaben gespeichert, damit auf diese zur Bearbeitung und Beantwortung Ihrer Anfrage zur\u00fcckgegriffen werden kann. Ohne Ihre Einwilligung werden diese Daten nicht an Dritte weitergegeben.<\/p>\n<h4>Umgang mit Kommentaren und Beitr\u00e4gen<\/h4>\n<p>Hinterlassen Sie auf dieser Website einen Beitrag oder Kommentar, wird Ihre IP-Adresse gespeichert. Dies dient der Sicherheit des Websitebetreibers: Verst\u00f6\u00dft Ihr Text gegen das Recht, m\u00f6chte er Ihre Identit\u00e4t nachverfolgen k\u00f6nnen.<\/p>\n<h4>Abonnements<\/h4>\n<p>Sie haben die M\u00f6glichkeit, sowohl die gesamte Website als auch Nachfolgekommentare auf Ihren Beitrag zu abonnieren. Sie erhalten eine E-Mail zur Best\u00e4tigung Ihrer E-Mail-Adresse. Neben dieser werden keine weiteren Daten erhoben. Die gespeicherten Daten werden nicht an Dritte weitergereicht. Sie k\u00f6nnen ein Abonnement jederzeit abbestellen.<\/p>\n<h4>Nutzung von Social-Media-Plugins<\/h4>\n<p>Diese Website verwendet Facebook Social Plugins, welches von der Facebook Inc. (1 Hacker Way, Menlo Park, California 94025, USA) betrieben wird. Erkennbar sind die Einbindungen an dem Facebook-Logo bzw. an den Begriffen \u201eLike\u201c, \u201eGef\u00e4llt mir\u201c, \u201eTeilen\u201c in den Farben Facebooks (Blau und Wei\u00df). Informationen zu allen Facebook-Plugins finden Sie im folgenden Link:\u00a0<a href=\"https:\/\/developers.facebook.com\/docs\/plugins\/\">https:\/\/developers.facebook.com\/docs\/plugins\/<\/a><\/p>\n<p>Das Plugin stellt eine direkte Verbindung zwischen Ihrem Browser und den Facebook-Servern her. Der Websitebetreiber hat keinerlei Einfluss auf die Natur und den Umfang der Daten, welche das Plugin an die Server der Facebook Inc. \u00fcbermittelt. Informationen dazu finden Sie hier:\u00a0<a href=\"https:\/\/www.facebook.com\/help\/186325668085084\">https:\/\/www.facebook.com\/help\/186325668085084<\/a><br \/>\nDas Plugin informiert die Facebook Inc. dar\u00fcber, dass Sie Nutzer diese Website besucht hat. Es besteht hierbei die M\u00f6glichkeit, dass Ihre IP-Adresse gespeichert wird. Sind Sie w\u00e4hrend des Besuchs auf dieser Website in Ihrem Facebook-Konto eingeloggt, werden die genannten Informationen mit diesem verkn\u00fcpft.<\/p>\n<p>Nutzen Sie die Funktionen des Plugins \u2013 etwa indem Sie einen Beitrag teilen oder \u201eliken\u201c \u2013 werden die entsprechenden Informationen ebenfalls an die Facebook Inc. \u00fcbermittelt.<\/p>\n<p>M\u00f6chten Sie verhindern, dass die Facebook. Inc. diese Daten mit Ihrem Facebook-Konto verkn\u00fcpft, loggen Sie sich bitte vor dem Besuch dieser Website bei Facebook aus.<\/p>\n<p>Personenbezogene Daten werden laut der Google Inc. erst dann erhoben, wenn Sie auf die Schaltfl\u00e4che klicken. Auch bei eingeloggten Google-Nutzern wird unter anderem die IP-Adresse gespeichert. M\u00f6chten Sie verhindern, dass die Google Inc. diese Daten speichert und mit Ihrem Konto verkn\u00fcpft, loggen Sie sich bitte vor dem Besuch dieser Website aus.<\/p>\n<p>Informationen zur \u201e+1\u201c-Schaltfl\u00e4che finden Sie hier:\u00a0<a href=\"https:\/\/developers.google.com\/+\/web\/buttons-policy\">https:\/\/developers.google.com\/+\/web\/buttons-policy<\/a>.<\/p>\n<h4>Newsletter-Abonnement<\/h4>\n<p>Der Websitebetreiber bietet Ihnen einen Newsletter an, in welchem er Sie \u00fcber aktuelle Geschehnisse und Angebote informiert. M\u00f6chten Sie den Newsletter abonnieren, m\u00fcssen Sie eine valide E-Mail-Adresse angeben. Ihre Einwilligung wird bei uns durch das Double-Opt-In-Verfahren nachgewiesen.<\/p>\n<h4>Rechte des Nutzers: Auskunft, Berichtigung und L\u00f6schung<\/h4>\n<p>Sie als Nutzer erhalten auf Antrag Ihrerseits kostenlose Auskunft dar\u00fcber, welche personenbezogenen Daten \u00fcber Sie gespeichert wurden. Sofern Ihr Wunsch nicht mit einer gesetzlichen Pflicht zur Aufbewahrung von Daten (z. B. Vorratsdatenspeicherung) kollidiert, haben Sie ein Anrecht auf Berichtigung falscher Daten und auf die Sperrung oder L\u00f6schung Ihrer personenbezogenen Daten.<\/p>\n","protected":false},"excerpt":{"rendered":"<p>Datenschutzerkl\u00e4rung Allgemein Ziel unserer Website ist es, literarisch Interessierten und literarisch Schreibenden Informationen zur Verf\u00fcgung zu stellen. Wir tun dies ehrenamtlich, auf eigene Kosten und ohne wirtschaftliches Interesse. Auf unserer Website bieten wir an, mittels eines E-Mail Formulars mit uns&#8230;<\/p>\n","protected":false},"author":1,"featured_media":0,"parent":0,"menu_order":0,"comment_status":"closed","ping_status":"closed","template":"","meta":{"jetpack_post_was_ever_published":false,"footnotes":""},"class_list":["post-2476","page","type-page","status-publish","hentry"],"jetpack_sharing_enabled":false,"jetpack_shortlink":"https:\/\/wp.me\/P7mgmt-DW","_links":{"self":[{"href":"https:\/\/freiburger-schreibkiste.de\/index.php?rest_route=\/wp\/v2\/pages\/2476","targetHints":{"allow":["GET"]}}],"collection":[{"href":"https:\/\/freiburger-schreibkiste.de\/index.php?rest_route=\/wp\/v2\/pages"}],"about":[{"href":"https:\/\/freiburger-schreibkiste.de\/index.php?rest_route=\/wp\/v2\/types\/page"}],"author":[{"embeddable":true,"href":"https:\/\/freiburger-schreibkiste.de\/index.php?rest_route=\/wp\/v2\/users\/1"}],"replies":[{"embeddable":true,"href":"https:\/\/freiburger-schreibkiste.de\/index.php?rest_route=%2Fwp%2Fv2%2Fcomments&post=2476"}],"version-history":[{"count":0,"href":"https:\/\/freiburger-schreibkiste.de\/index.php?rest_route=\/wp\/v2\/pages\/2476\/revisions"}],"wp:attachment":[{"href":"https:\/\/freiburger-schreibkiste.de\/index.php?rest_route=%2Fwp%2Fv2%2Fmedia&parent=2476"}],"curies":[{"name":"wp","href":"https:\/\/api.w.org\/{rel}","templated":true}]}}