{"id":23,"date":"2016-03-16T08:43:01","date_gmt":"2016-03-16T08:43:01","guid":{"rendered":"http:\/\/freiburger-schreibkiste.de\/?page_id=23"},"modified":"2024-12-01T15:29:50","modified_gmt":"2024-12-01T14:29:50","slug":"lernen","status":"publish","type":"page","link":"https:\/\/freiburger-schreibkiste.de\/?page_id=23","title":{"rendered":"Kurse"},"content":{"rendered":"<h4>In Freiburg dazulernen:<\/h4>\n<h3><strong>Kurse, Seminare, Coachings f\u00fcr (angehende) Autoren<\/strong><\/h3>\n<p><strong>Albert-Ludwigs-Universit\u00e4t Freiburg<br \/>\nStudium Generale<br \/>\n<\/strong>Vortr\u00e4ge, Lesungen, Kurse rund um die Literatur<br \/>\n<a href=\"http:\/\/www.studiumgenerale.uni-freiburg.de\">www.studiumgenerale.uni-freiburg.de<\/a><\/p>\n<p><strong>Goethe-Institut Freiburg<\/strong><br \/>\nDeutschkurse, Veranstaltungen, Aktionen &#8230;<br \/>\n<a href=\"http:\/\/www.goethe.de\/freiburg\">www.goethe.de\/freiburg<\/a><\/p>\n<p><strong>Institut f\u00fcr Kreatives Schreiben<br \/>\n<\/strong>Ausbildung Schreibp\u00e4dagogik \/ Jahreskurse &amp; Workshops Schreibhandwerk<br \/>\n<a href=\"http:\/\/kreativ-schreiben-lernen.de\/\" target=\"_blank\" rel=\"noopener noreferrer\">http:\/\/kreativ-schreiben-lernen.de\/<\/a><\/p>\n<p><strong>Lisa Bichler<\/strong><br \/>\nSchreibp\u00e4dagogin<br \/>\nKreatives Schreiben in Freiburg &amp; online<br \/>\n<a href=\"http:\/\/www.herzundtinte.de\">www.herzundtinte.de<\/a><\/p>\n<p><strong>Literaturhaus Freiburg\/Literaturforum S\u00fcdwest<\/strong><br \/>\nAnlaufstelle f\u00fcr Literaturschaffende und Literaturinteressierte in Freiburg und der Regio. Werkstattgespr\u00e4che, Lesungen und Veranstaltungsreihen f\u00fcr alle Altersgruppen.<br \/>\n<a href=\"http:\/\/www.literaturhaus-freiburg.de\">www.literaturhaus-freiburg.de<\/a><\/p>\n<p><strong>Maria Bosse-Sporleder: Kreatives Schreiben<br \/>\n<\/strong>Schreibwerkst\u00e4tten zu verschiedenen Gattungen und Themen<br \/>\n<a href=\"http:\/\/www.kreativesschreiben.com\">www.kreativesschreiben.com<\/a><\/p>\n<p><strong>P\u00e4dagogische Hochschule Freiburg<br \/>\nStudium Plus und Schreibzentrum<br \/>\n<\/strong>Schreibwerkst\u00e4tten und Kurse rund ums Schreiben und Lesen.<br \/>\nIndividuelle Schreibberatung f\u00fcr Studierende.<br \/>\n<a href=\"https:\/\/www.ph-freiburg.de\/hochschule\/zentrale-einrichtungen\/zwh\/abteilungen\/studiumplus\/startseite.html\">https:\/\/www.ph-freiburg.de\/hochschule\/zentrale-einrichtungen\/zwh\/abteilungen\/studiumplus\/startseite.html<\/a><br \/>\n<a href=\"http:\/\/www.ph-freiburg.de\/hochschule\/weitere-einrichtungen\/schreibzentrum\">www.ph-freiburg.de\/hochschule\/weitere-einrichtungen\/schreibzentrum<\/a><\/p>\n<p><strong>Schreiben und Malen<\/strong><br \/>\nBirgit und Ilse Reichinger<br \/>\nSchreibtreffs und Workshops<br \/>\n<a href=\"http:\/\/www.schreibenundmalen-freiburg.de\">www.schreibenundmalen-freiburg.de<\/a><\/p>\n<p><strong>Schreibraum<\/strong><br \/>\nCarolin K\u00fcstner<br \/>\nKurse f\u00fcr kreatives, autobiografisches, heilsames und literarisches Schreiben<br \/>\n<a href=\"https:\/\/schreibraum-freiburg.de\">https:\/\/schreibraum-freiburg.de<\/a><\/p>\n<p><strong>Schreibrausch &#8211; Schreibwerkst\u00e4tten<\/strong><br \/>\nBernadette Kuner<br \/>\n<a href=\"https:\/\/www.schreibrausch-schreibwerkstatt.de\/\">https:\/\/www.schreibrausch-schreibwerkstatt.de<\/a><\/p>\n<p><strong>Simone Regina Adams<br \/>\n<\/strong>Seminare: Literarisches Schreiben, Literaturgeschichte u.a.<br \/>\n<a href=\"http:\/\/www.simonereginaadams.de\">www.simonereginaadams.de<\/a><\/p>\n<p><strong>Story-Camp e.V.<\/strong><br \/>\nDie Kunst der Dramaturgie: Professionell Geschichten Erz\u00e4hlen.<br \/>\nWochenendseminare f\u00fcr Schreibende im Studienhaus Wiesneck.<br \/>\n<a href=\"http:\/\/www.story-camp.de\" target=\"_blank\" rel=\"noopener noreferrer\">www.story-camp.de<\/a><\/p>\n<p><strong>Sylvia Schmieder<\/strong><br \/>\nSchreibwerkst\u00e4tten f\u00fcr literarisches und kreatives Schreiben. Alle Altersstufen.<br \/>\n<a href=\"https:\/\/sylvia-schmieder.de\/\">https:\/\/sylvia-schmieder.de\/<\/a><\/p>\n<p><strong>Textkraft<br \/>\n<\/strong>Hans Peter Roentgen<br \/>\nLektorate, Coaching, Kurse, Vortr\u00e4ge<br \/>\n<a href=\"http:\/\/www.hanspeterroentgen.de\">www.hanspeterroentgen.de<\/a><\/p>\n<p><strong>textsieben<\/strong><br \/>\nDr. Doroth\u00e9e Leidig<br \/>\nAutorin &#8211; Lektorin &#8211; Schreibcoach<br \/>\n<a href=\"http:\/\/www.textsieben.de\">http:\/\/www.textsieben.de<\/a><\/p>\n<p><strong>\u00dcberlebenstraining f\u00fcr Autoren<br \/>\n<\/strong>Frank Borsch<br \/>\n<a href=\"http:\/\/www.frankborsch.de\">www.frankborsch.de<\/a><\/p>\n<p><strong>Volkshochschule Freiburg<\/strong><br \/>\nSeminare und Vortr\u00e4ge rund um das Schreiben und die Literatur<br \/>\n<a href=\"http:\/\/www.vhs-freiburg.de\">www.vhs-freiburg.de<\/a><\/p>\n","protected":false},"excerpt":{"rendered":"<p>In Freiburg dazulernen: Kurse, Seminare, Coachings f\u00fcr (angehende) Autoren Albert-Ludwigs-Universit\u00e4t Freiburg Studium Generale Vortr\u00e4ge, Lesungen, Kurse rund um die Literatur www.studiumgenerale.uni-freiburg.de Goethe-Institut Freiburg Deutschkurse, Veranstaltungen, Aktionen &#8230; www.goethe.de\/freiburg Institut f\u00fcr Kreatives Schreiben Ausbildung Schreibp\u00e4dagogik \/ Jahreskurse &amp; Workshops Schreibhandwerk http:\/\/kreativ-schreiben-lernen.de\/&#8230;<\/p>\n","protected":false},"author":1,"featured_media":0,"parent":0,"menu_order":0,"comment_status":"closed","ping_status":"closed","template":"","meta":{"jetpack_post_was_ever_published":false,"footnotes":""},"class_list":["post-23","page","type-page","status-publish","hentry"],"jetpack_sharing_enabled":true,"jetpack_shortlink":"https:\/\/wp.me\/P7mgmt-n","_links":{"self":[{"href":"https:\/\/freiburger-schreibkiste.de\/index.php?rest_route=\/wp\/v2\/pages\/23","targetHints":{"allow":["GET"]}}],"collection":[{"href":"https:\/\/freiburger-schreibkiste.de\/index.php?rest_route=\/wp\/v2\/pages"}],"about":[{"href":"https:\/\/freiburger-schreibkiste.de\/index.php?rest_route=\/wp\/v2\/types\/page"}],"author":[{"embeddable":true,"href":"https:\/\/freiburger-schreibkiste.de\/index.php?rest_route=\/wp\/v2\/users\/1"}],"replies":[{"embeddable":true,"href":"https:\/\/freiburger-schreibkiste.de\/index.php?rest_route=%2Fwp%2Fv2%2Fcomments&post=23"}],"version-history":[{"count":0,"href":"https:\/\/freiburger-schreibkiste.de\/index.php?rest_route=\/wp\/v2\/pages\/23\/revisions"}],"wp:attachment":[{"href":"https:\/\/freiburger-schreibkiste.de\/index.php?rest_route=%2Fwp%2Fv2%2Fmedia&parent=23"}],"curies":[{"name":"wp","href":"https:\/\/api.w.org\/{rel}","templated":true}]}}